{"id":2126,"date":"2022-11-03T21:11:19","date_gmt":"2022-11-03T21:11:19","guid":{"rendered":"https:\/\/bunkermuseumantwerpen.be\/?page_id=2126"},"modified":"2022-11-08T17:28:24","modified_gmt":"2022-11-08T17:28:24","slug":"r618","status":"publish","type":"page","link":"https:\/\/bunkermuseumantwerpen.be\/en\/r618\/","title":{"rendered":"R618"},"content":{"rendered":"<div data-elementor-type=\"wp-page\" data-elementor-id=\"2126\" class=\"elementor elementor-2126\">\n\t\t\t\t\t\t<section class=\"elementor-section elementor-top-section elementor-element elementor-element-qfhhmmf elementor-section-height-min-height elementor-section-boxed elementor-section-height-default elementor-section-items-middle elementor-invisible\" data-id=\"qfhhmmf\" data-element_type=\"section\" data-e-type=\"section\" data-settings=\"{&quot;background_background&quot;:&quot;classic&quot;,&quot;animation&quot;:&quot;fadeIn&quot;}\">\n\t\t\t\t\t\t\t<div class=\"elementor-background-overlay\"><\/div>\n\t\t\t\t\t\t\t<div class=\"elementor-container elementor-column-gap-default\">\n\t\t\t\t\t<div class=\"elementor-column elementor-col-100 elementor-top-column elementor-element elementor-element-6a5337e\" data-id=\"6a5337e\" data-element_type=\"column\" data-e-type=\"column\">\n\t\t\t<div class=\"elementor-widget-wrap\">\n\t\t\t\t\t\t\t<\/div>\n\t\t<\/div>\n\t\t\t\t\t<\/div>\n\t\t<\/section>\n\t\t\t\t<section class=\"elementor-section elementor-top-section elementor-element elementor-element-fc7875c elementor-section-boxed elementor-section-height-default elementor-section-height-default\" data-id=\"fc7875c\" data-element_type=\"section\" data-e-type=\"section\">\n\t\t\t\t\t\t<div class=\"elementor-container elementor-column-gap-default\">\n\t\t\t\t\t<div class=\"elementor-column elementor-col-100 elementor-top-column elementor-element elementor-element-729bb54\" data-id=\"729bb54\" data-element_type=\"column\" data-e-type=\"column\">\n\t\t\t<div class=\"elementor-widget-wrap elementor-element-populated\">\n\t\t\t\t\t\t<div class=\"elementor-element elementor-element-c308494 elementor-widget elementor-widget-heading\" data-id=\"c308494\" data-element_type=\"widget\" data-e-type=\"widget\" data-widget_type=\"heading.default\">\n\t\t\t\t<div class=\"elementor-widget-container\">\n\t\t\t\t\t<h1 class=\"elementor-heading-title elementor-size-default\">R618<\/h1>\t\t\t\t<\/div>\n\t\t\t\t<\/div>\n\t\t\t\t\t<\/div>\n\t\t<\/div>\n\t\t\t\t\t<\/div>\n\t\t<\/section>\n\t\t\t\t<section class=\"elementor-section elementor-top-section elementor-element elementor-element-w8c6cb4 elementor-section-boxed elementor-section-height-default elementor-section-height-default\" data-id=\"w8c6cb4\" data-element_type=\"section\" data-e-type=\"section\" data-settings=\"{&quot;background_background&quot;:&quot;classic&quot;}\">\n\t\t\t\t\t\t<div class=\"elementor-container elementor-column-gap-default\">\n\t\t\t\t\t<div class=\"elementor-column elementor-col-100 elementor-top-column elementor-element elementor-element-ebb2ba7\" data-id=\"ebb2ba7\" data-element_type=\"column\" data-e-type=\"column\">\n\t\t\t<div class=\"elementor-widget-wrap elementor-element-populated\">\n\t\t\t\t\t\t<div class=\"elementor-element elementor-element-87cb10a elementor-widget elementor-widget-heading\" data-id=\"87cb10a\" data-element_type=\"widget\" data-e-type=\"widget\" data-widget_type=\"heading.default\">\n\t\t\t\t<div class=\"elementor-widget-container\">\n\t\t\t\t\t<h2 class=\"elementor-heading-title elementor-size-default\"><h2 data-elementor-setting-key=\"title\" data-pen-placeholder=\"Type Here...\" style=\"font-size: 1.76471rem;font-style: normal\"><i>\"Nachrichtenstand f\u00fcr H\u00f6here St\u00e4be\"<\/i><\/h2><\/h2>\t\t\t\t<\/div>\n\t\t\t\t<\/div>\n\t\t\t\t<div class=\"elementor-element elementor-element-7718c26 elementor-widget elementor-widget-image\" data-id=\"7718c26\" data-element_type=\"widget\" data-e-type=\"widget\" data-widget_type=\"image.default\">\n\t\t\t\t<div class=\"elementor-widget-container\">\n\t\t\t\t\t\t\t\t\t\t\t\t\t\t\t<img fetchpriority=\"high\" decoding=\"async\" width=\"1024\" height=\"265\" src=\"https:\/\/bunkermuseumantwerpen.be\/wp-content\/uploads\/2022\/11\/R618Banner-optim-1024x265.png\" class=\"attachment-large size-large wp-image-2140\" alt=\"\" srcset=\"https:\/\/bunkermuseumantwerpen.be\/wp-content\/uploads\/2022\/11\/R618Banner-optim-1024x265.png 1024w, https:\/\/bunkermuseumantwerpen.be\/wp-content\/uploads\/2022\/11\/R618Banner-optim-500x129.png 500w, https:\/\/bunkermuseumantwerpen.be\/wp-content\/uploads\/2022\/11\/R618Banner-optim-150x39.png 150w, https:\/\/bunkermuseumantwerpen.be\/wp-content\/uploads\/2022\/11\/R618Banner-optim-768x199.png 768w, https:\/\/bunkermuseumantwerpen.be\/wp-content\/uploads\/2022\/11\/R618Banner-optim-18x5.png 18w, https:\/\/bunkermuseumantwerpen.be\/wp-content\/uploads\/2022\/11\/R618Banner-optim.png 1238w\" sizes=\"(max-width: 1024px) 100vw, 1024px\" \/>\t\t\t\t\t\t\t\t\t\t\t\t\t\t\t<\/div>\n\t\t\t\t<\/div>\n\t\t\t\t<section class=\"elementor-section elementor-inner-section elementor-element elementor-element-19fdd6f elementor-section-boxed elementor-section-height-default elementor-section-height-default\" data-id=\"19fdd6f\" data-element_type=\"section\" data-e-type=\"section\">\n\t\t\t\t\t\t<div class=\"elementor-container elementor-column-gap-default\">\n\t\t\t\t\t<div class=\"elementor-column elementor-col-50 elementor-inner-column elementor-element elementor-element-2f19f4c\" data-id=\"2f19f4c\" data-element_type=\"column\" data-e-type=\"column\">\n\t\t\t<div class=\"elementor-widget-wrap elementor-element-populated\">\n\t\t\t\t\t\t<div class=\"elementor-element elementor-element-ef48ffb elementor-widget elementor-widget-text-editor\" data-id=\"ef48ffb\" data-element_type=\"widget\" data-e-type=\"widget\" data-widget_type=\"text-editor.default\">\n\t\t\t\t<div class=\"elementor-widget-container\">\n\t\t\t\t\t\t\t\t\t<p class=\"translation-block\"><i>This type was designed in 1942 as a communication bunker for higher staffs such as divisions or corps.\nThe R618 accommodated 9 soldiers who provided communication for the staff by telephone and radio. Of the 20 copies that were built, only a handful remain.<\/i><\/p>\t\t\t\t\t\t\t\t<\/div>\n\t\t\t\t<\/div>\n\t\t\t\t\t<\/div>\n\t\t<\/div>\n\t\t\t\t<div class=\"elementor-column elementor-col-50 elementor-inner-column elementor-element elementor-element-8735628\" data-id=\"8735628\" data-element_type=\"column\" data-e-type=\"column\">\n\t\t\t<div class=\"elementor-widget-wrap elementor-element-populated\">\n\t\t\t\t\t\t<div class=\"elementor-element elementor-element-0f0ec2c elementor-widget elementor-widget-heading\" data-id=\"0f0ec2c\" data-element_type=\"widget\" data-e-type=\"widget\" data-widget_type=\"heading.default\">\n\t\t\t\t<div class=\"elementor-widget-container\">\n\t\t\t\t\t<h3 class=\"elementor-heading-title elementor-size-default\"><u>Statistics<\/u><\/h3>\t\t\t\t<\/div>\n\t\t\t\t<\/div>\n\t\t\t\t<div class=\"elementor-element elementor-element-489a498 elementor-widget elementor-widget-text-editor\" data-id=\"489a498\" data-element_type=\"widget\" data-e-type=\"widget\" data-widget_type=\"text-editor.default\">\n\t\t\t\t<div class=\"elementor-widget-container\">\n\t\t\t\t\t\t\t\t\t<p class=\"translation-block\"><b>22,4 yd x 15 yd<\/b><\/p><p><b>1450 yd\u00b3 of concrete<\/b><\/p><p><b>101412 lbs of reinforcement steel<\/b><\/p>\t\t\t\t\t\t\t\t<\/div>\n\t\t\t\t<\/div>\n\t\t\t\t\t<\/div>\n\t\t<\/div>\n\t\t\t\t\t<\/div>\n\t\t<\/section>\n\t\t\t\t<section class=\"elementor-section elementor-inner-section elementor-element elementor-element-036dfc1 elementor-section-boxed elementor-section-height-default elementor-section-height-default\" data-id=\"036dfc1\" data-element_type=\"section\" data-e-type=\"section\">\n\t\t\t\t\t\t<div class=\"elementor-container elementor-column-gap-default\">\n\t\t\t\t\t<div class=\"elementor-column elementor-col-50 elementor-inner-column elementor-element elementor-element-b05f808\" data-id=\"b05f808\" data-element_type=\"column\" data-e-type=\"column\">\n\t\t\t<div class=\"elementor-widget-wrap elementor-element-populated\">\n\t\t\t\t\t\t<div class=\"elementor-element elementor-element-838ebed elementor-widget elementor-widget-image\" data-id=\"838ebed\" data-element_type=\"widget\" data-e-type=\"widget\" data-widget_type=\"image.default\">\n\t\t\t\t<div class=\"elementor-widget-container\">\n\t\t\t\t\t\t\t\t\t\t\t\t\t\t\t<img decoding=\"async\" width=\"691\" height=\"501\" src=\"https:\/\/bunkermuseumantwerpen.be\/wp-content\/uploads\/2022\/11\/enigmaofficer-optim.jpg\" class=\"attachment-large size-large wp-image-2169\" alt=\"\" srcset=\"https:\/\/bunkermuseumantwerpen.be\/wp-content\/uploads\/2022\/11\/enigmaofficer-optim.jpg 691w, https:\/\/bunkermuseumantwerpen.be\/wp-content\/uploads\/2022\/11\/enigmaofficer-optim-500x363.jpg 500w, https:\/\/bunkermuseumantwerpen.be\/wp-content\/uploads\/2022\/11\/enigmaofficer-optim-150x109.jpg 150w, https:\/\/bunkermuseumantwerpen.be\/wp-content\/uploads\/2022\/11\/enigmaofficer-optim-18x12.jpg 18w\" sizes=\"(max-width: 691px) 100vw, 691px\" \/>\t\t\t\t\t\t\t\t\t\t\t\t\t\t\t<\/div>\n\t\t\t\t<\/div>\n\t\t\t\t\t<\/div>\n\t\t<\/div>\n\t\t\t\t<div class=\"elementor-column elementor-col-50 elementor-inner-column elementor-element elementor-element-63bad08\" data-id=\"63bad08\" data-element_type=\"column\" data-e-type=\"column\">\n\t\t\t<div class=\"elementor-widget-wrap elementor-element-populated\">\n\t\t\t\t\t\t<div class=\"elementor-element elementor-element-5cfc5cc elementor-widget elementor-widget-text-editor\" data-id=\"5cfc5cc\" data-element_type=\"widget\" data-e-type=\"widget\" data-widget_type=\"text-editor.default\">\n\t\t\t\t<div class=\"elementor-widget-container\">\n\t\t\t\t\t\t\t\t\t<p>Most of the bunker consisted of rooms with equipment and personnel needed to receive and transmit all the messages. In the long narrow space there were several antenna niches, about which you can learn more in the museum. Messages also had to be \"encrypted\" with code, which was done with the famous enigma machine. Every day a new key was set on this machine to decrypt incoming messages and encrypt own messages.\u00a0<\/p><p class=\"translation-block\">A smaller part to the right of the bunker, with a wider entrance, functioned as a storage place for equipment. The 3d image shows the storage with a wooden shelf to store spare telephone cables.\nBatteries were stored in the room to the right and they could also be recharged via the electricity grid.<\/p>\t\t\t\t\t\t\t\t<\/div>\n\t\t\t\t<\/div>\n\t\t\t\t\t<\/div>\n\t\t<\/div>\n\t\t\t\t\t<\/div>\n\t\t<\/section>\n\t\t\t\t<section class=\"elementor-section elementor-inner-section elementor-element elementor-element-b096b97 elementor-section-boxed elementor-section-height-default elementor-section-height-default\" data-id=\"b096b97\" data-element_type=\"section\" data-e-type=\"section\">\n\t\t\t\t\t\t<div class=\"elementor-container elementor-column-gap-default\">\n\t\t\t\t\t<div class=\"elementor-column elementor-col-50 elementor-inner-column elementor-element elementor-element-5b5cb74\" data-id=\"5b5cb74\" data-element_type=\"column\" data-e-type=\"column\">\n\t\t\t<div class=\"elementor-widget-wrap elementor-element-populated\">\n\t\t\t\t\t\t<div class=\"elementor-element elementor-element-7c4caed elementor-widget elementor-widget-image\" data-id=\"7c4caed\" data-element_type=\"widget\" data-e-type=\"widget\" data-widget_type=\"image.default\">\n\t\t\t\t<div class=\"elementor-widget-container\">\n\t\t\t\t\t\t\t\t\t\t\t\t\t\t\t<img decoding=\"async\" width=\"1024\" height=\"539\" src=\"https:\/\/bunkermuseumantwerpen.be\/wp-content\/uploads\/2022\/11\/R618plan-optim-1024x539.jpg\" class=\"attachment-large size-large wp-image-2147\" alt=\"\" srcset=\"https:\/\/bunkermuseumantwerpen.be\/wp-content\/uploads\/2022\/11\/R618plan-optim-1024x539.jpg 1024w, https:\/\/bunkermuseumantwerpen.be\/wp-content\/uploads\/2022\/11\/R618plan-optim-500x263.jpg 500w, https:\/\/bunkermuseumantwerpen.be\/wp-content\/uploads\/2022\/11\/R618plan-optim-150x79.jpg 150w, https:\/\/bunkermuseumantwerpen.be\/wp-content\/uploads\/2022\/11\/R618plan-optim-768x404.jpg 768w, https:\/\/bunkermuseumantwerpen.be\/wp-content\/uploads\/2022\/11\/R618plan-optim-18x9.jpg 18w, https:\/\/bunkermuseumantwerpen.be\/wp-content\/uploads\/2022\/11\/R618plan-optim.jpg 1185w\" sizes=\"(max-width: 1024px) 100vw, 1024px\" \/>\t\t\t\t\t\t\t\t\t\t\t\t\t\t\t<\/div>\n\t\t\t\t<\/div>\n\t\t\t\t\t<\/div>\n\t\t<\/div>\n\t\t\t\t<div class=\"elementor-column elementor-col-50 elementor-inner-column elementor-element elementor-element-a0183d1\" data-id=\"a0183d1\" data-element_type=\"column\" data-e-type=\"column\">\n\t\t\t<div class=\"elementor-widget-wrap elementor-element-populated\">\n\t\t\t\t\t\t<div class=\"elementor-element elementor-element-cd29bee elementor-widget elementor-widget-text-editor\" data-id=\"cd29bee\" data-element_type=\"widget\" data-e-type=\"widget\" data-widget_type=\"text-editor.default\">\n\t\t\t\t<div class=\"elementor-widget-container\">\n\t\t\t\t\t\t\t\t\t<ol>\n<li><i><b>Antenna room<\/b><\/i><\/li>\n<li><i><b>Radio-officer key room<\/b><\/i><\/li>\n<li><i><b>Radio room<\/b><\/i><\/li>\n<li><i><b>Switch room<\/b><\/i><\/li>\n<li><i><b>Telephone exchange<\/b><\/i><\/li>\n<li><i><b>Report room<\/b><\/i><\/li>\n<li><i><b>Switch command post<\/b><\/i><\/li>\n<li><i><b>Cable room<\/b><\/i><\/li>\n<li><i><b>Charging area<\/b><\/i><\/li>\n<li><i><b>Heating room<\/b><\/i><\/li>\n<li><i><b>Defensive room<\/b><\/i><\/li>\n<li><i><b>Open observation post<\/b><\/i><\/li>\n<\/ol>\n<ul>\n<\/ul>\t\t\t\t\t\t\t\t<\/div>\n\t\t\t\t<\/div>\n\t\t\t\t\t<\/div>\n\t\t<\/div>\n\t\t\t\t\t<\/div>\n\t\t<\/section>\n\t\t\t\t\t<\/div>\n\t\t<\/div>\n\t\t\t\t\t<\/div>\n\t\t<\/section>\n\t\t\t\t<section class=\"elementor-section elementor-top-section elementor-element elementor-element-2273f17 elementor-section-boxed elementor-section-height-default elementor-section-height-default\" data-id=\"2273f17\" data-element_type=\"section\" data-e-type=\"section\">\n\t\t\t\t\t\t<div class=\"elementor-container elementor-column-gap-default\">\n\t\t\t\t\t<div class=\"elementor-column elementor-col-50 elementor-top-column elementor-element elementor-element-631457b\" data-id=\"631457b\" data-element_type=\"column\" data-e-type=\"column\">\n\t\t\t<div class=\"elementor-widget-wrap elementor-element-populated\">\n\t\t\t\t\t\t<div class=\"elementor-element elementor-element-e14cc07 elementor-widget elementor-widget-image\" data-id=\"e14cc07\" data-element_type=\"widget\" data-e-type=\"widget\" data-widget_type=\"image.default\">\n\t\t\t\t<div class=\"elementor-widget-container\">\n\t\t\t\t\t\t\t\t\t\t\t\t\t\t\t<img loading=\"lazy\" decoding=\"async\" width=\"1024\" height=\"768\" src=\"https:\/\/bunkermuseumantwerpen.be\/wp-content\/uploads\/2022\/11\/618WP-optim.jpg\" class=\"attachment-large size-large wp-image-2174\" alt=\"\" srcset=\"https:\/\/bunkermuseumantwerpen.be\/wp-content\/uploads\/2022\/11\/618WP-optim.jpg 1024w, https:\/\/bunkermuseumantwerpen.be\/wp-content\/uploads\/2022\/11\/618WP-optim-500x375.jpg 500w, https:\/\/bunkermuseumantwerpen.be\/wp-content\/uploads\/2022\/11\/618WP-optim-150x113.jpg 150w, https:\/\/bunkermuseumantwerpen.be\/wp-content\/uploads\/2022\/11\/618WP-optim-768x576.jpg 768w, https:\/\/bunkermuseumantwerpen.be\/wp-content\/uploads\/2022\/11\/618WP-optim-16x12.jpg 16w\" sizes=\"(max-width: 1024px) 100vw, 1024px\" \/>\t\t\t\t\t\t\t\t\t\t\t\t\t\t\t<\/div>\n\t\t\t\t<\/div>\n\t\t\t\t\t<\/div>\n\t\t<\/div>\n\t\t\t\t<div class=\"elementor-column elementor-col-50 elementor-top-column elementor-element elementor-element-ce7c9d1\" data-id=\"ce7c9d1\" data-element_type=\"column\" data-e-type=\"column\">\n\t\t\t<div class=\"elementor-widget-wrap elementor-element-populated\">\n\t\t\t\t\t\t<div class=\"elementor-element elementor-element-57034d5 elementor-widget elementor-widget-text-editor\" data-id=\"57034d5\" data-element_type=\"widget\" data-e-type=\"widget\" data-widget_type=\"text-editor.default\">\n\t\t\t\t<div class=\"elementor-widget-container\">\n\t\t\t\t\t\t\t\t\t<p class=\"translation-block\">For the 89th Army Corps in Antwerp this bunker was built in 1943 on the Wilrijkse Plein, about 600m north-west of the F\u00fchrungsbunker. The explanation for this distance and location can be found in the regulations of the <i>\u201cFestungspioniere\u201d<\/i> (fortress engineers); the R618 had to be located 300-500 meters from the command post and in an environment where good the antennas could function well.<\/p><p><span style=\"color: #2b2b2b; font-family: Lato, sans-serif; font-size: 16px; background-color: var(--ast-global-color-5);\">\u00a0<\/span><\/p><p><span style=\"color: #2b2b2b; font-family: Lato, sans-serif; font-size: 16px; background-color: var(--ast-global-color-5);\">At the moment this bunker is not yet accesible.\u00a0<\/span><\/p>\t\t\t\t\t\t\t\t<\/div>\n\t\t\t\t<\/div>\n\t\t\t\t\t<\/div>\n\t\t<\/div>\n\t\t\t\t\t<\/div>\n\t\t<\/section>\n\t\t\t\t<section class=\"elementor-section elementor-top-section elementor-element elementor-element-b950775 elementor-section-boxed elementor-section-height-default elementor-section-height-default\" data-id=\"b950775\" data-element_type=\"section\" data-e-type=\"section\" data-settings=\"{&quot;background_background&quot;:&quot;classic&quot;}\">\n\t\t\t\t\t\t<div class=\"elementor-container elementor-column-gap-default\">\n\t\t\t\t\t<div class=\"elementor-column elementor-col-100 elementor-top-column elementor-element elementor-element-cf54da4\" data-id=\"cf54da4\" data-element_type=\"column\" data-e-type=\"column\">\n\t\t\t<div class=\"elementor-widget-wrap elementor-element-populated\">\n\t\t\t\t\t\t<div class=\"elementor-element elementor-element-9557725 elementor-widget elementor-widget-text-editor\" data-id=\"9557725\" data-element_type=\"widget\" data-e-type=\"widget\" data-widget_type=\"text-editor.default\">\n\t\t\t\t<div class=\"elementor-widget-container\">\n\t\t\t\t\t\t\t\t\t<p class=\"translation-block\"><i>A R618 was also built for each divisional headquarters of the 3 KVAs under the Corps,<br>\nthe one in Walcheren can be visited thanks to the Bunker Preservation Foundation<\/i><span style=\"color: var(--ast-global-color-3);font-size: 1rem\">\u00a0(<\/span><a style=\"background-color: #f3f5f5;font-size: 1rem\" href=\"https:\/\/www.bunkerbehoud.com\/bezoek-de-bunkers-van-stichting-bunkerbehoud\/#618_toorenvliedt\" target=\"_blank\" rel=\"noopener\"><i>website<\/i><\/a><span style=\"color: var(--ast-global-color-3);font-size: 1rem\">).\u00a0<\/span><\/p>\t\t\t\t\t\t\t\t<\/div>\n\t\t\t\t<\/div>\n\t\t\t\t\t<\/div>\n\t\t<\/div>\n\t\t\t\t\t<\/div>\n\t\t<\/section>\n\t\t\t\t<\/div>","protected":false},"excerpt":{"rendered":"<p>R618 &#8220;Nachrichtenstand f\u00fcr H\u00f6here St\u00e4be&#8221; Dit type werd in 1942 ontworpen als verbindingsbunker voor hogere staven als divisies of korpsen.De R618 bood plaats aan 9 militairen die de communicatie verzorgden voor de staf per telefoon en radio. Van de 20 exemplaren die gebouwd werden blijft nu nog slechts een handvol over. Statistieken 20,5 m x [&hellip;]<\/p>\n","protected":false},"author":1,"featured_media":0,"parent":0,"menu_order":0,"comment_status":"closed","ping_status":"closed","template":"","meta":{"_bbp_topic_count":0,"_bbp_reply_count":0,"_bbp_total_topic_count":0,"_bbp_total_reply_count":0,"_bbp_voice_count":0,"_bbp_anonymous_reply_count":0,"_bbp_topic_count_hidden":0,"_bbp_reply_count_hidden":0,"_bbp_forum_subforum_count":0,"site-sidebar-layout":"no-sidebar","site-content-layout":"page-builder","ast-site-content-layout":"default","site-content-style":"default","site-sidebar-style":"default","ast-global-header-display":"","ast-banner-title-visibility":"","ast-main-header-display":"","ast-hfb-above-header-display":"","ast-hfb-below-header-display":"","ast-hfb-mobile-header-display":"","site-post-title":"disabled","ast-breadcrumbs-content":"","ast-featured-img":"disabled","footer-sml-layout":"","ast-disable-related-posts":"","theme-transparent-header-meta":"","adv-header-id-meta":"","stick-header-meta":"","header-above-stick-meta":"","header-main-stick-meta":"","header-below-stick-meta":"","astra-migrate-meta-layouts":"default","ast-page-background-enabled":"default","ast-page-background-meta":{"desktop":{"background-color":"var(--ast-global-color-4)","background-image":"","background-repeat":"repeat","background-position":"center center","background-size":"auto","background-attachment":"scroll","background-type":"","background-media":"","overlay-type":"","overlay-color":"","overlay-opacity":"","overlay-gradient":""},"tablet":{"background-color":"","background-image":"","background-repeat":"repeat","background-position":"center center","background-size":"auto","background-attachment":"scroll","background-type":"","background-media":"","overlay-type":"","overlay-color":"","overlay-opacity":"","overlay-gradient":""},"mobile":{"background-color":"","background-image":"","background-repeat":"repeat","background-position":"center center","background-size":"auto","background-attachment":"scroll","background-type":"","background-media":"","overlay-type":"","overlay-color":"","overlay-opacity":"","overlay-gradient":""}},"ast-content-background-meta":{"desktop":{"background-color":"var(--ast-global-color-5)","background-image":"","background-repeat":"repeat","background-position":"center center","background-size":"auto","background-attachment":"scroll","background-type":"","background-media":"","overlay-type":"","overlay-color":"","overlay-opacity":"","overlay-gradient":""},"tablet":{"background-color":"var(--ast-global-color-5)","background-image":"","background-repeat":"repeat","background-position":"center center","background-size":"auto","background-attachment":"scroll","background-type":"","background-media":"","overlay-type":"","overlay-color":"","overlay-opacity":"","overlay-gradient":""},"mobile":{"background-color":"var(--ast-global-color-5)","background-image":"","background-repeat":"repeat","background-position":"center center","background-size":"auto","background-attachment":"scroll","background-type":"","background-media":"","overlay-type":"","overlay-color":"","overlay-opacity":"","overlay-gradient":""}},"footnotes":""},"class_list":["post-2126","page","type-page","status-publish","hentry"],"jetpack-related-posts":[],"jetpack_sharing_enabled":true,"_links":{"self":[{"href":"https:\/\/bunkermuseumantwerpen.be\/en\/wp-json\/wp\/v2\/pages\/2126","targetHints":{"allow":["GET"]}}],"collection":[{"href":"https:\/\/bunkermuseumantwerpen.be\/en\/wp-json\/wp\/v2\/pages"}],"about":[{"href":"https:\/\/bunkermuseumantwerpen.be\/en\/wp-json\/wp\/v2\/types\/page"}],"author":[{"embeddable":true,"href":"https:\/\/bunkermuseumantwerpen.be\/en\/wp-json\/wp\/v2\/users\/1"}],"replies":[{"embeddable":true,"href":"https:\/\/bunkermuseumantwerpen.be\/en\/wp-json\/wp\/v2\/comments?post=2126"}],"version-history":[{"count":43,"href":"https:\/\/bunkermuseumantwerpen.be\/en\/wp-json\/wp\/v2\/pages\/2126\/revisions"}],"predecessor-version":[{"id":2353,"href":"https:\/\/bunkermuseumantwerpen.be\/en\/wp-json\/wp\/v2\/pages\/2126\/revisions\/2353"}],"wp:attachment":[{"href":"https:\/\/bunkermuseumantwerpen.be\/en\/wp-json\/wp\/v2\/media?parent=2126"}],"curies":[{"name":"wp","href":"https:\/\/api.w.org\/{rel}","templated":true}]}}